{"id":35717,"date":"2019-06-10T23:17:12","date_gmt":"2019-06-10T23:17:12","guid":{"rendered":"http:\/\/travelsafe.nl\/assortiment\/non%20class\u00e9\/bite-travelrelief-lotion-14ml\/"},"modified":"2023-09-07T09:01:15","modified_gmt":"2023-09-07T09:01:15","slug":"bite-travelrelief-lotion-14ml","status":"publish","type":"product","link":"https:\/\/travelsafe.nl\/fr\/assortiment\/anti-moustique\/aprs-la-morsure\/bite-travelrelief-lotion-14ml\/","title":{"rendered":"Bite Relief Lotion \u2013 anti-piq\u00fbres 14ml"},"content":{"rendered":"<p>La TravelSafe Bite relief lotion adoucit et calme les d\u00e9mangeaisons et la tum\u00e9faction en cas de piq\u00fbres provoqu\u00e9es par des insectes (moustiques, gu\u00eapes, taons), des m\u00e9duses et des orties.<\/p>\n<p>Il existe diff\u00e9rentes maladies qui sont transmises par les moustiques. Vous pouvez vous prot\u00e9ger contre celles-ci en utilisant des produits anti-moustique, des v\u00eatements de protection ou en utilisant une moustiquaire pendant votre sieste ou votre repos de nuit.<\/p>\n<p>Contenu\u00a0: 14 ml<\/p>\n","protected":false},"excerpt":{"rendered":"<p>La TravelSafe Bite relief lotion adoucit et calme les d\u00e9mangeaisons et la tum\u00e9faction en cas de piq\u00fbres provoqu\u00e9es par des insectes (moustiques,&hellip;<\/p>\n","protected":false},"featured_media":35232,"template":"","meta":{"_acf_changed":false},"product_brand":[],"product_cat":[2372,2495,2344],"product_tag":[],"class_list":{"0":"post-35717","1":"product","2":"type-product","3":"status-publish","4":"has-post-thumbnail","6":"product_cat-anti-moustique","7":"product_cat-aprs-la-morsure","8":"product_cat-na-de-beet","10":"first","11":"instock","12":"purchasable","13":"product-type-simple"},"acf":[],"_links":{"self":[{"href":"https:\/\/travelsafe.nl\/fr\/wp-json\/wp\/v2\/product\/35717","targetHints":{"allow":["GET"]}}],"collection":[{"href":"https:\/\/travelsafe.nl\/fr\/wp-json\/wp\/v2\/product"}],"about":[{"href":"https:\/\/travelsafe.nl\/fr\/wp-json\/wp\/v2\/types\/product"}],"wp:featuredmedia":[{"embeddable":true,"href":"https:\/\/travelsafe.nl\/fr\/wp-json\/wp\/v2\/media\/35232"}],"wp:attachment":[{"href":"https:\/\/travelsafe.nl\/fr\/wp-json\/wp\/v2\/media?parent=35717"}],"wp:term":[{"taxonomy":"product_brand","embeddable":true,"href":"https:\/\/travelsafe.nl\/fr\/wp-json\/wp\/v2\/product_brand?post=35717"},{"taxonomy":"product_cat","embeddable":true,"href":"https:\/\/travelsafe.nl\/fr\/wp-json\/wp\/v2\/product_cat?post=35717"},{"taxonomy":"product_tag","embeddable":true,"href":"https:\/\/travelsafe.nl\/fr\/wp-json\/wp\/v2\/product_tag?post=35717"}],"curies":[{"name":"wp","href":"https:\/\/api.w.org\/{rel}","templated":true}]}}