{"id":35719,"date":"2019-06-10T23:17:14","date_gmt":"2019-06-10T23:17:14","guid":{"rendered":"http:\/\/travelsafe.nl\/assortiment\/non%20class\u00e9\/protecteur-ultra-lip-facteur-20\/"},"modified":"2023-04-07T14:01:38","modified_gmt":"2023-04-07T14:01:38","slug":"protecteur-ultra-lip-facteur-20","status":"publish","type":"product","link":"https:\/\/travelsafe.nl\/fr\/assortiment\/protection-solaire\/autre-protection-solaire\/protecteur-ultra-lip-facteur-20\/","title":{"rendered":"Ultra Protection l\u00e8vres &#8211; facteur 20"},"content":{"rendered":"<p>Ce qui est r\u00e9guli\u00e8rement oubli\u00e9, est d\u2019\u00e9galement prot\u00e9ger les l\u00e8vres contre les coups de soleil. Pour cela, TravelSafe a \u00e9galement une solution sous la forme d\u2019un Baume \u00e0 l\u00e8vres avec indice de protection 20.<\/p>\n<p>SPF\u00a0: \u00a0\u00a0\u00a020<br \/>\nPoids : 4,8 g<\/p>\n","protected":false},"excerpt":{"rendered":"<p>Ce qui est r\u00e9guli\u00e8rement oubli\u00e9, est d\u2019\u00e9galement prot\u00e9ger les l\u00e8vres contre les coups de soleil. Pour cela, TravelSafe a \u00e9galement une solution&hellip;<\/p>\n","protected":false},"featured_media":35248,"template":"","meta":{"_acf_changed":false},"product_brand":[],"product_cat":[2375,2511],"product_tag":[],"class_list":{"0":"post-35719","1":"product","2":"type-product","3":"status-publish","4":"has-post-thumbnail","6":"product_cat-protection-solaire","7":"product_cat-autre-protection-solaire","9":"first","10":"instock","11":"purchasable","12":"product-type-simple"},"acf":[],"_links":{"self":[{"href":"https:\/\/travelsafe.nl\/fr\/wp-json\/wp\/v2\/product\/35719","targetHints":{"allow":["GET"]}}],"collection":[{"href":"https:\/\/travelsafe.nl\/fr\/wp-json\/wp\/v2\/product"}],"about":[{"href":"https:\/\/travelsafe.nl\/fr\/wp-json\/wp\/v2\/types\/product"}],"wp:featuredmedia":[{"embeddable":true,"href":"https:\/\/travelsafe.nl\/fr\/wp-json\/wp\/v2\/media\/35248"}],"wp:attachment":[{"href":"https:\/\/travelsafe.nl\/fr\/wp-json\/wp\/v2\/media?parent=35719"}],"wp:term":[{"taxonomy":"product_brand","embeddable":true,"href":"https:\/\/travelsafe.nl\/fr\/wp-json\/wp\/v2\/product_brand?post=35719"},{"taxonomy":"product_cat","embeddable":true,"href":"https:\/\/travelsafe.nl\/fr\/wp-json\/wp\/v2\/product_cat?post=35719"},{"taxonomy":"product_tag","embeddable":true,"href":"https:\/\/travelsafe.nl\/fr\/wp-json\/wp\/v2\/product_tag?post=35719"}],"curies":[{"name":"wp","href":"https:\/\/api.w.org\/{rel}","templated":true}]}}