{"id":36226,"date":"2020-03-04T15:42:24","date_gmt":"2020-03-04T15:42:24","guid":{"rendered":"https:\/\/travelsafe.nl\/?post_type=product&#038;p=36226"},"modified":"2026-02-19T09:29:10","modified_gmt":"2026-02-19T09:29:10","slug":"traveldeet-duo-pack-50","status":"publish","type":"product","link":"https:\/\/travelsafe.nl\/fr\/assortiment\/anti-moustique\/insectifuges\/traveldeet-insectifuges\/traveldeet-duo-pack-50\/","title":{"rendered":"Duo Pack DEET 50% &#8211; 2 x 60ml"},"content":{"rendered":"<p>Duo pack 2 x 60 ml. TravelDeet a une action r\u00e9pulsive envers les moustiques, les tiques et de nombreux autres mouches ou insecte. Le principe actif de TravelDeet est le Diethyl-m-toluamide (DEET) qui vous assurez une protection efficace de longue dur\u00e9e de 6-10 heures. Disponible avec vaporisateur (40%\/50%).<\/p>\n<p>D\u00e9sormais \u00e9galement disponible dans une combinaison combin\u00e9e abordable \u00e0 partir de 21,90 \u20ac pour seulement 19,95 \u20ac\u00a0!<\/p>\n<p>Il existe diff\u00e9rentes maladies qui sont transmises par les moustiques. Vous pouvez vous prot\u00e9ger contre celles-ci en utilisant des produits anti-moustique, des v\u00eatements de protection ou en utilisant une moustiquaire pendant votre sieste ou votre repos de nuit.<\/p>\n<p>Contenu\u00a0:\u00a0\u00a0 \u00a02 x 60 ml<br \/>\nIngr\u00e9dient : 50% Diethyl-m-toluamide (DEET)<\/p>\n","protected":false},"excerpt":{"rendered":"<p>Duo pack 2 x 60 ml. TravelDeet a une action r\u00e9pulsive envers les moustiques, les tiques et de nombreux autres mouches ou&hellip;<\/p>\n","protected":false},"featured_media":36219,"template":"","meta":{"_acf_changed":false},"product_brand":[],"product_cat":[2372,2472,2473],"product_tag":[],"class_list":{"0":"post-36226","1":"product","2":"type-product","3":"status-publish","4":"has-post-thumbnail","6":"product_cat-anti-moustique","7":"product_cat-insectifuges","8":"product_cat-traveldeet-insectifuges","10":"first","11":"instock","12":"shipping-taxable","13":"purchasable","14":"product-type-simple"},"acf":[],"_links":{"self":[{"href":"https:\/\/travelsafe.nl\/fr\/wp-json\/wp\/v2\/product\/36226","targetHints":{"allow":["GET"]}}],"collection":[{"href":"https:\/\/travelsafe.nl\/fr\/wp-json\/wp\/v2\/product"}],"about":[{"href":"https:\/\/travelsafe.nl\/fr\/wp-json\/wp\/v2\/types\/product"}],"wp:featuredmedia":[{"embeddable":true,"href":"https:\/\/travelsafe.nl\/fr\/wp-json\/wp\/v2\/media\/36219"}],"wp:attachment":[{"href":"https:\/\/travelsafe.nl\/fr\/wp-json\/wp\/v2\/media?parent=36226"}],"wp:term":[{"taxonomy":"product_brand","embeddable":true,"href":"https:\/\/travelsafe.nl\/fr\/wp-json\/wp\/v2\/product_brand?post=36226"},{"taxonomy":"product_cat","embeddable":true,"href":"https:\/\/travelsafe.nl\/fr\/wp-json\/wp\/v2\/product_cat?post=36226"},{"taxonomy":"product_tag","embeddable":true,"href":"https:\/\/travelsafe.nl\/fr\/wp-json\/wp\/v2\/product_tag?post=36226"}],"curies":[{"name":"wp","href":"https:\/\/api.w.org\/{rel}","templated":true}]}}