{"id":36767,"date":"2020-03-23T14:12:01","date_gmt":"2020-03-23T14:12:01","guid":{"rendered":"https:\/\/travelsafe.nl\/?post_type=product&#038;p=36767"},"modified":"2023-07-07T11:52:10","modified_gmt":"2023-07-07T11:52:10","slug":"globe-sterile-trousse-de-premier","status":"publish","type":"product","link":"https:\/\/travelsafe.nl\/fr\/assortiment\/trousse-de-secours\/kit-strile\/globe-sterile-trousse-de-premier\/","title":{"rendered":"Globe St\u00e9rile &#8211; Trousse de Premiers Secours"},"content":{"rendered":"<p>La trousse Globe St\u00e9rile convient comme compl\u00e9ment pour votre trousse de premiers secours et est indispensable lors des s\u00e9jours dans des pays \u00e0 risque accru d&rsquo;h\u00e9patite B\/VIH, en voyageant dans des conditions primitives ou dans la jungle.<\/p>\n<p>La trousse se compose d&rsquo;articles st\u00e9riles tels que des seringues, des aiguilles et lancettes de sang. Les compartiments transparents facilitent la recherche rapide des articles dont vous avez besoin. \u00c0 l&rsquo;arri\u00e8re de la trousse se trouvent des patch renforc\u00e9s pour une fixation facile au sac \u00e0 dos ou \u00e0 la ceinture. Elle contient aussi une d\u00e9claration de m\u00e9decin international \u00e0 des fins douani\u00e8res.<\/p>\n<p>Si pour un motif quelconque vous ne pouvez pas imm\u00e9diatement disposer d\u2019assistance m\u00e9dicale ad\u00e9quate, ceci peut entra\u00eener des situations d\u00e9licates et dangereuses. Si vous n\u2019avez pas la trousse TravelSafe, vos bagages ne seront pas complets. Pour chaque destination ou chaque activit\u00e9, il existe une trousse de secours compacte et facile d\u2019emploi, compl\u00e9t\u00e9e si n\u00e9cessaire d\u2019explications m\u00e9dicales.\u00a0La trousse St\u00e9rile (orange\/jaune fluor) est absolument conseill\u00e9e si vous visitez des pays avec un risque d&rsquo;H\u00e9patite B\/VIH, comme l&rsquo;Afrique du Sud et l&rsquo;Asie, en un mot les (sub)tropiques.<\/p>\n<p>Dimensions :\u00a0 \u00a012 x 15 x 5 cm<br \/>\nPoids :\u00a0 \u00a0 \u00a0 \u00a0 \u00a0 \u00a0 \u00a0140 g<br \/>\nMati\u00e8re :\u00a0 \u00a0 \u00a0 \u00a0 \u00a0Polyester<br \/>\nArticles :\u00a0 \u00a0 \u00a0 \u00a0 \u00a0 21<\/p>\n","protected":false},"excerpt":{"rendered":"<p>La trousse Globe St\u00e9rile convient comme compl\u00e9ment pour votre trousse de premiers secours et est indispensable lors des s\u00e9jours dans des pays&hellip;<\/p>\n","protected":false},"featured_media":36748,"template":"","meta":{"_acf_changed":false},"product_brand":[],"product_cat":[2371,2471],"product_tag":[],"class_list":{"0":"post-36767","1":"product","2":"type-product","3":"status-publish","4":"has-post-thumbnail","6":"product_cat-trousse-de-secours","7":"product_cat-kit-strile","9":"first","10":"instock","11":"shipping-taxable","12":"purchasable","13":"product-type-simple"},"acf":[],"_links":{"self":[{"href":"https:\/\/travelsafe.nl\/fr\/wp-json\/wp\/v2\/product\/36767","targetHints":{"allow":["GET"]}}],"collection":[{"href":"https:\/\/travelsafe.nl\/fr\/wp-json\/wp\/v2\/product"}],"about":[{"href":"https:\/\/travelsafe.nl\/fr\/wp-json\/wp\/v2\/types\/product"}],"wp:featuredmedia":[{"embeddable":true,"href":"https:\/\/travelsafe.nl\/fr\/wp-json\/wp\/v2\/media\/36748"}],"wp:attachment":[{"href":"https:\/\/travelsafe.nl\/fr\/wp-json\/wp\/v2\/media?parent=36767"}],"wp:term":[{"taxonomy":"product_brand","embeddable":true,"href":"https:\/\/travelsafe.nl\/fr\/wp-json\/wp\/v2\/product_brand?post=36767"},{"taxonomy":"product_cat","embeddable":true,"href":"https:\/\/travelsafe.nl\/fr\/wp-json\/wp\/v2\/product_cat?post=36767"},{"taxonomy":"product_tag","embeddable":true,"href":"https:\/\/travelsafe.nl\/fr\/wp-json\/wp\/v2\/product_tag?post=36767"}],"curies":[{"name":"wp","href":"https:\/\/api.w.org\/{rel}","templated":true}]}}