{"id":37009,"date":"2020-04-06T15:10:25","date_gmt":"2020-04-06T15:10:25","guid":{"rendered":"https:\/\/travelsafe.nl\/assortiment\/non%20class\u00e9\/travel-tree-straps-bevestigingsriempjes\/"},"modified":"2023-05-11T09:50:04","modified_gmt":"2023-05-11T09:50:04","slug":"travel-tree-straps-bevestigingsriempjes","status":"publish","type":"product","link":"https:\/\/travelsafe.nl\/fr\/assortiment\/hamac-de-voyage\/travel-tree-straps-bevestigingsriempjes\/","title":{"rendered":"Travel Tree Straps &#8211; Sangles de fixation"},"content":{"rendered":"<p>Un moyen facile pour suspendre votre hamac sans n\u0153uds compliqu\u00e9s. Pr\u00eat \u00e0 l\u2019emploi en quelques minutes gr\u00e2ce au syst\u00e8me d\u2019anneau de sangle\u00a0\u2018daisy chain\u2019. Enroulez la sangle autour de l\u2019arbre et fixez nos mousquetons en aluminium \u00e0 l\u2019une des boucles. Chaque sangle mesure 250 cm de long et dispose de 7 boucles et coutures renforc\u00e9es. Elle est fournie avec 2 mousquetons en aluminium solide.<\/p>\n<p>Dimensions :\u00a0 2,5 x 250 cm<br \/>\nPoids :\u00a0 \u00a0 \u00a0 \u00a0 \u00a0 \u00a0 325 g<br \/>\nMati\u00e8re :\u00a0 \u00a0 \u00a0 \u00a0 100% Polyester\/Aluminium<br \/>\nCouleur :\u00a0 \u00a0 \u00a0 \u00a0 Noir\/orange<\/p>\n","protected":false},"excerpt":{"rendered":"<p>Un moyen facile pour suspendre votre hamac sans n\u0153uds compliqu\u00e9s. Pr\u00eat \u00e0 l\u2019emploi en quelques minutes gr\u00e2ce au syst\u00e8me d\u2019anneau de sangle\u00a0\u2018daisy&hellip;<\/p>\n","protected":false},"featured_media":36998,"template":"","meta":{"_acf_changed":false},"product_brand":[],"product_cat":[2857],"product_tag":[],"class_list":{"0":"post-37009","1":"product","2":"type-product","3":"status-publish","4":"has-post-thumbnail","6":"product_cat-hamac-de-voyage","8":"first","9":"instock","10":"shipping-taxable","11":"purchasable","12":"product-type-simple"},"acf":[],"_links":{"self":[{"href":"https:\/\/travelsafe.nl\/fr\/wp-json\/wp\/v2\/product\/37009","targetHints":{"allow":["GET"]}}],"collection":[{"href":"https:\/\/travelsafe.nl\/fr\/wp-json\/wp\/v2\/product"}],"about":[{"href":"https:\/\/travelsafe.nl\/fr\/wp-json\/wp\/v2\/types\/product"}],"wp:featuredmedia":[{"embeddable":true,"href":"https:\/\/travelsafe.nl\/fr\/wp-json\/wp\/v2\/media\/36998"}],"wp:attachment":[{"href":"https:\/\/travelsafe.nl\/fr\/wp-json\/wp\/v2\/media?parent=37009"}],"wp:term":[{"taxonomy":"product_brand","embeddable":true,"href":"https:\/\/travelsafe.nl\/fr\/wp-json\/wp\/v2\/product_brand?post=37009"},{"taxonomy":"product_cat","embeddable":true,"href":"https:\/\/travelsafe.nl\/fr\/wp-json\/wp\/v2\/product_cat?post=37009"},{"taxonomy":"product_tag","embeddable":true,"href":"https:\/\/travelsafe.nl\/fr\/wp-json\/wp\/v2\/product_tag?post=37009"}],"curies":[{"name":"wp","href":"https:\/\/api.w.org\/{rel}","templated":true}]}}