{"id":37376,"date":"2020-04-29T14:57:21","date_gmt":"2020-04-29T14:57:21","guid":{"rendered":"https:\/\/travelsafe.nl\/assortiment\/non%20class\u00e9\/street-life-heuptasje-s-blauw\/"},"modified":"2023-05-12T13:38:38","modified_gmt":"2023-05-12T13:38:38","slug":"street-life-heuptasje-s-blauw","status":"publish","type":"product","link":"https:\/\/travelsafe.nl\/fr\/assortiment\/accessoires-de-voyage\/sacs-de-voyage\/sacs-banane\/street-life-heuptasje-s-blauw\/","title":{"rendered":"Street Life Sac \u00e0 bandouli\u00e8re \u2013 S \u2013 Bleu"},"content":{"rendered":"<p>Sac \u00e0 bandouli\u00e8re avec 2 grandes poches zipp\u00e9es et une poche zipp\u00e9e \u00e0 l\u2019int\u00e9rieur. Ce sac \u00e0 bandouli\u00e8re peut \u00eatre utilis\u00e9 n\u2019importe o\u00f9, \u00e0 tout moment et offre suffisamment d\u2019espace pour vos objets de valeur tels qu\u2019un appareil photo, portable, argent, cartes et d\u2019autres petits articles de voyage. Aussi disponible en Noir (TS2059.0100) ou Vert citron (TS2059.1700).<\/p>\n<p>TravelSafe est sp\u00e9cialis\u00e9e dans les articles fonctionnels l\u00e9gers qui offrent un confort maximal au voyageur.<\/p>\n<p>Dimensions :\u00a0 \u00a014 x 7 x 19 cm<br \/>\nPoids :\u00a0 \u00a0 \u00a0 \u00a0 \u00a0 \u00a0 \u00a0152 g<br \/>\nMati\u00e8re :\u00a0 \u00a0 \u00a0 \u00a0 \u00a0100% diamond rip stop polyester<br \/>\nCouleur :\u00a0 \u00a0 \u00a0 \u00a0 \u00a0 Bleu<\/p>\n","protected":false},"excerpt":{"rendered":"<p>Sac \u00e0 bandouli\u00e8re avec 2 grandes poches zipp\u00e9es et une poche zipp\u00e9e \u00e0 l\u2019int\u00e9rieur. Ce sac \u00e0 bandouli\u00e8re peut \u00eatre utilis\u00e9 n\u2019importe&hellip;<\/p>\n","protected":false},"featured_media":37361,"template":"","meta":{"_acf_changed":false},"product_brand":[],"product_cat":[2374,2889,2493],"product_tag":[],"class_list":{"0":"post-37376","1":"product","2":"type-product","3":"status-publish","4":"has-post-thumbnail","6":"product_cat-accessoires-de-voyage","7":"product_cat-sacs-banane","8":"product_cat-sacs-de-voyage","10":"first","11":"instock","12":"shipping-taxable","13":"purchasable","14":"product-type-simple"},"acf":[],"_links":{"self":[{"href":"https:\/\/travelsafe.nl\/fr\/wp-json\/wp\/v2\/product\/37376","targetHints":{"allow":["GET"]}}],"collection":[{"href":"https:\/\/travelsafe.nl\/fr\/wp-json\/wp\/v2\/product"}],"about":[{"href":"https:\/\/travelsafe.nl\/fr\/wp-json\/wp\/v2\/types\/product"}],"wp:featuredmedia":[{"embeddable":true,"href":"https:\/\/travelsafe.nl\/fr\/wp-json\/wp\/v2\/media\/37361"}],"wp:attachment":[{"href":"https:\/\/travelsafe.nl\/fr\/wp-json\/wp\/v2\/media?parent=37376"}],"wp:term":[{"taxonomy":"product_brand","embeddable":true,"href":"https:\/\/travelsafe.nl\/fr\/wp-json\/wp\/v2\/product_brand?post=37376"},{"taxonomy":"product_cat","embeddable":true,"href":"https:\/\/travelsafe.nl\/fr\/wp-json\/wp\/v2\/product_cat?post=37376"},{"taxonomy":"product_tag","embeddable":true,"href":"https:\/\/travelsafe.nl\/fr\/wp-json\/wp\/v2\/product_tag?post=37376"}],"curies":[{"name":"wp","href":"https:\/\/api.w.org\/{rel}","templated":true}]}}