{"id":37489,"date":"2020-04-30T09:05:46","date_gmt":"2020-04-30T09:05:46","guid":{"rendered":"https:\/\/travelsafe.nl\/assortiment\/non%20class\u00e9\/street-life-heuptasje-m-lime\/"},"modified":"2023-05-12T13:38:07","modified_gmt":"2023-05-12T13:38:07","slug":"street-life-heuptasje-m-lime","status":"publish","type":"product","link":"https:\/\/travelsafe.nl\/fr\/assortiment\/accessoires-de-voyage\/sacs-de-voyage\/sacs-banane\/street-life-heuptasje-m-lime\/","title":{"rendered":"Street Life Sac \u00e0 bandouli\u00e8re \u2013 M \u2013 Vert citron"},"content":{"rendered":"<p>Sac banane avec une grande poche principale et une poche avant. Compartiment principal avec s\u00e9parateur et poche suppl\u00e9mentaire zipp\u00e9e. Poche en maille des deux c\u00f4t\u00e9s (pour bidon). Ceinture ventrale matelass\u00e9e, dot\u00e9e de 2 poches \u00e0 glissi\u00e8re, doubl\u00e9e en maille-3D a\u00e9r\u00e9e et pouvant \u00eatre enti\u00e8rement dissimul\u00e9e pour servir de sac \u00e0 bandouli\u00e8re. Id\u00e9al pour une utilisation lors de longues promenades. Aussi disponible en Noir (TS2060.0100) ou Bleu (TS2060.0600).<\/p>\n<p>TravelSafe est sp\u00e9cialis\u00e9e dans les articles fonctionnels l\u00e9gers qui offrent un confort maximal au voyageur.<\/p>\n<p>Dimensions pli\u00e9es :\u00a0 \u00a022 x 8 x 18 cm<br \/>\nPoids :\u00a0 \u00a0 \u00a0 \u00a0 \u00a0 \u00a0 \u00a0 \u00a0 \u00a0 \u00a0 \u00a0 \u00a0295 g<br \/>\nMati\u00e8re :\u00a0 \u00a0 \u00a0 \u00a0 \u00a0 \u00a0 \u00a0 \u00a0 \u00a0 \u00a0100% diamond rip stop polyester<br \/>\nCouleur :\u00a0 \u00a0 \u00a0 \u00a0 \u00a0 \u00a0 \u00a0 \u00a0 \u00a0 \u00a0Vert citron<\/p>\n","protected":false},"excerpt":{"rendered":"<p>Sac banane avec une grande poche principale et une poche avant. Compartiment principal avec s\u00e9parateur et poche suppl\u00e9mentaire zipp\u00e9e. Poche en maille&hellip;<\/p>\n","protected":false},"featured_media":37454,"template":"","meta":{"_acf_changed":false},"product_brand":[],"product_cat":[2889,2493],"product_tag":[],"class_list":{"0":"post-37489","1":"product","2":"type-product","3":"status-publish","4":"has-post-thumbnail","6":"product_cat-sacs-banane","7":"product_cat-sacs-de-voyage","9":"first","10":"instock","11":"shipping-taxable","12":"purchasable","13":"product-type-simple"},"acf":[],"_links":{"self":[{"href":"https:\/\/travelsafe.nl\/fr\/wp-json\/wp\/v2\/product\/37489","targetHints":{"allow":["GET"]}}],"collection":[{"href":"https:\/\/travelsafe.nl\/fr\/wp-json\/wp\/v2\/product"}],"about":[{"href":"https:\/\/travelsafe.nl\/fr\/wp-json\/wp\/v2\/types\/product"}],"wp:featuredmedia":[{"embeddable":true,"href":"https:\/\/travelsafe.nl\/fr\/wp-json\/wp\/v2\/media\/37454"}],"wp:attachment":[{"href":"https:\/\/travelsafe.nl\/fr\/wp-json\/wp\/v2\/media?parent=37489"}],"wp:term":[{"taxonomy":"product_brand","embeddable":true,"href":"https:\/\/travelsafe.nl\/fr\/wp-json\/wp\/v2\/product_brand?post=37489"},{"taxonomy":"product_cat","embeddable":true,"href":"https:\/\/travelsafe.nl\/fr\/wp-json\/wp\/v2\/product_cat?post=37489"},{"taxonomy":"product_tag","embeddable":true,"href":"https:\/\/travelsafe.nl\/fr\/wp-json\/wp\/v2\/product_tag?post=37489"}],"curies":[{"name":"wp","href":"https:\/\/api.w.org\/{rel}","templated":true}]}}