{"id":37544,"date":"2020-04-30T10:21:34","date_gmt":"2020-04-30T10:21:34","guid":{"rendered":"https:\/\/travelsafe.nl\/assortiment\/non%20class\u00e9\/street-life-heuptas-l-lime\/"},"modified":"2023-05-12T13:37:48","modified_gmt":"2023-05-12T13:37:48","slug":"street-life-heuptas-l-lime","status":"publish","type":"product","link":"https:\/\/travelsafe.nl\/fr\/assortiment\/accessoires-de-voyage\/sacs-de-voyage\/sacs-banane\/street-life-heuptas-l-lime\/","title":{"rendered":"Street Life Sac \u00e0 bandouli\u00e8re \u2013 L \u2013 Vert citron"},"content":{"rendered":"<p>Sac de taille large avec un compartiment principal spacieux. Bo\u00eete sp\u00e9ciale pour bouteille d\u2019eau. 2 poches lat\u00e9rales avec poche zipp\u00e9e. Sangle de pack \u00e0 l\u2019avant pour pouvoir ranger votre veste. Ceinture de hanches bord\u00e9e de maille de ventilation 3D et peut \u00eatre cach\u00e9 compl\u00e9tement. Le sac peut donc \u00eatre port\u00e9 comme sac \u00e0 bandouli\u00e8re. Id\u00e9al pour une utilisation pendant des longues exp\u00e9ditions de jour ou des escapades en ville o\u00f9 vous pr\u00e9f\u00e9rez ne pas porter de sac \u00e0 dos.\u00a0Aussi disponible en Bleu royale (TS2061.0600) ou Noir (TS2061.0100).<\/p>\n<p>TravelSafe est sp\u00e9cialis\u00e9e dans les articles fonctionnels l\u00e9gers qui offrent un confort maximal au voyageur.<\/p>\n<p>Dimensions :\u00a0 30 x 12 x 20 cm<br \/>\nPoids :\u00a0 \u00a0 \u00a0 \u00a0 \u00a0 \u00a0 345 g<br \/>\nMati\u00e8re :\u00a0 \u00a0 \u00a0 \u00a0 100% diamond rip stop polyester<br \/>\nCouleur :\u00a0 \u00a0 \u00a0 \u00a0 Vert citron<\/p>\n","protected":false},"excerpt":{"rendered":"<p>Sac de taille large avec un compartiment principal spacieux. Bo\u00eete sp\u00e9ciale pour bouteille d\u2019eau. 2 poches lat\u00e9rales avec poche zipp\u00e9e. Sangle de&hellip;<\/p>\n","protected":false},"featured_media":37525,"template":"","meta":{"_acf_changed":false},"product_brand":[],"product_cat":[2889,2493],"product_tag":[],"class_list":{"0":"post-37544","1":"product","2":"type-product","3":"status-publish","4":"has-post-thumbnail","6":"product_cat-sacs-banane","7":"product_cat-sacs-de-voyage","9":"first","10":"instock","11":"shipping-taxable","12":"purchasable","13":"product-type-simple"},"acf":[],"_links":{"self":[{"href":"https:\/\/travelsafe.nl\/fr\/wp-json\/wp\/v2\/product\/37544","targetHints":{"allow":["GET"]}}],"collection":[{"href":"https:\/\/travelsafe.nl\/fr\/wp-json\/wp\/v2\/product"}],"about":[{"href":"https:\/\/travelsafe.nl\/fr\/wp-json\/wp\/v2\/types\/product"}],"wp:featuredmedia":[{"embeddable":true,"href":"https:\/\/travelsafe.nl\/fr\/wp-json\/wp\/v2\/media\/37525"}],"wp:attachment":[{"href":"https:\/\/travelsafe.nl\/fr\/wp-json\/wp\/v2\/media?parent=37544"}],"wp:term":[{"taxonomy":"product_brand","embeddable":true,"href":"https:\/\/travelsafe.nl\/fr\/wp-json\/wp\/v2\/product_brand?post=37544"},{"taxonomy":"product_cat","embeddable":true,"href":"https:\/\/travelsafe.nl\/fr\/wp-json\/wp\/v2\/product_cat?post=37544"},{"taxonomy":"product_tag","embeddable":true,"href":"https:\/\/travelsafe.nl\/fr\/wp-json\/wp\/v2\/product_tag?post=37544"}],"curies":[{"name":"wp","href":"https:\/\/api.w.org\/{rel}","templated":true}]}}