{"id":37611,"date":"2020-04-30T14:40:51","date_gmt":"2020-04-30T14:40:51","guid":{"rendered":"https:\/\/travelsafe.nl\/assortiment\/non%20class\u00e9\/waterbag-met-drinkslang-2-liter\/"},"modified":"2023-11-21T07:53:39","modified_gmt":"2023-11-21T07:53:39","slug":"waterbag-met-drinkslang-2-liter","status":"publish","type":"product","link":"https:\/\/travelsafe.nl\/fr\/assortiment\/accessoires-de-voyage\/sacs-de-voyage\/sacs-dos\/waterbag-met-drinkslang-2-liter\/","title":{"rendered":"Sac d\u2019hydratation avec tuyau \u2013 2 litres"},"content":{"rendered":"<p>Pendant les activit\u00e9s de plein air, il est toujours important de prendre suffisamment d\u2019eau pour \u00e9viter la d\u00e9shydratation. Il est prouv\u00e9 que la consommation r\u00e9guli\u00e8re des gorg\u00e9es d\u2019eau en utilisant un sac d\u2019hydratation est mieux que de boire dans une bouteille seulement quelques fois par heure. Nos sacs \u00e0 eau sont tr\u00e8s solides et durables. La grande ouverture facilite le nettoyage du sac. Pipette munie de clapet de succion. Le long tuyau d\u2019environ un m\u00e8tre vous permettra de trouver facilement une place de rangement dans votre sac \u00e0 dos ou votre sac. Le sac \u00e0 eau a un volume de 2 litres. La valve de morsure se ferme automatiquement apr\u00e8s chaque utilisation, \u00e9liminant les gouttes g\u00eanantes. Le tuyau est fix\u00e9 au bas du sac d\u2019hydratation.<\/p>\n<p>TravelSafe est sp\u00e9cialis\u00e9e dans les articles fonctionnels l\u00e9gers qui offrent un confort maximal au voyageur.<\/p>\n<p>Dimensions pli\u00e9es :\u00a0 \u00a039 x 17,5 x 2 cm<br \/>\nLongueur tuyau :\u00a0\u00a0\u00a0\u00a0\u00a0\u00a0 \u00b1 100 cm<br \/>\nContenu :\u00a0 \u00a0 \u00a0 \u00a0 \u00a0 \u00a0 \u00a0 \u00a0 \u00a0 \u00a02 litres<br \/>\nPoids :\u00a0 \u00a0 \u00a0 \u00a0 \u00a0 \u00a0 \u00a0 \u00a0 \u00a0 \u00a0 \u00a0 \u00a0 \u00b1 140 g<br \/>\nMati\u00e8re :\u00a0 \u00a0 \u00a0 \u00a0 \u00a0 \u00a0 \u00a0 \u00a0 \u00a0 \u00a0 TPU<br \/>\nCouleur :\u00a0 \u00a0 \u00a0 \u00a0 \u00a0 \u00a0 \u00a0 \u00a0 \u00a0 \u00a0 Bleu<\/p>\n","protected":false},"excerpt":{"rendered":"<p>Pendant les activit\u00e9s de plein air, il est toujours important de prendre suffisamment d\u2019eau pour \u00e9viter la d\u00e9shydratation. Il est prouv\u00e9 que&hellip;<\/p>\n","protected":false},"featured_media":37596,"template":"","meta":{"_acf_changed":false},"product_brand":[],"product_cat":[2374,2502,2496],"product_tag":[],"class_list":{"0":"post-37611","1":"product","2":"type-product","3":"status-publish","4":"has-post-thumbnail","6":"product_cat-accessoires-de-voyage","7":"product_cat-sacs-dos","8":"product_cat-sacs-impermables","10":"first","11":"instock","12":"shipping-taxable","13":"purchasable","14":"product-type-simple"},"acf":[],"_links":{"self":[{"href":"https:\/\/travelsafe.nl\/fr\/wp-json\/wp\/v2\/product\/37611","targetHints":{"allow":["GET"]}}],"collection":[{"href":"https:\/\/travelsafe.nl\/fr\/wp-json\/wp\/v2\/product"}],"about":[{"href":"https:\/\/travelsafe.nl\/fr\/wp-json\/wp\/v2\/types\/product"}],"wp:featuredmedia":[{"embeddable":true,"href":"https:\/\/travelsafe.nl\/fr\/wp-json\/wp\/v2\/media\/37596"}],"wp:attachment":[{"href":"https:\/\/travelsafe.nl\/fr\/wp-json\/wp\/v2\/media?parent=37611"}],"wp:term":[{"taxonomy":"product_brand","embeddable":true,"href":"https:\/\/travelsafe.nl\/fr\/wp-json\/wp\/v2\/product_brand?post=37611"},{"taxonomy":"product_cat","embeddable":true,"href":"https:\/\/travelsafe.nl\/fr\/wp-json\/wp\/v2\/product_cat?post=37611"},{"taxonomy":"product_tag","embeddable":true,"href":"https:\/\/travelsafe.nl\/fr\/wp-json\/wp\/v2\/product_tag?post=37611"}],"curies":[{"name":"wp","href":"https:\/\/api.w.org\/{rel}","templated":true}]}}