{"id":37797,"date":"2020-05-06T11:58:05","date_gmt":"2020-05-06T11:58:05","guid":{"rendered":"https:\/\/travelsafe.nl\/assortiment\/non%20class\u00e9\/combipack-cover-transporthoes-l-azuurblauw-nieuw\/"},"modified":"2023-07-07T07:23:11","modified_gmt":"2023-07-07T07:23:11","slug":"combipack-cover-transporthoes-l-azuurblauw-nieuw","status":"publish","type":"product","link":"https:\/\/travelsafe.nl\/fr\/assortiment\/accessoires-de-voyage\/sacs-de-voyage\/accessoires-de-sac-dos\/combipack-cover-transporthoes-l-azuurblauw-nieuw\/","title":{"rendered":"Combipack Cover Housse sac de voyage L \u2013 Azur \u2013 NOUVEAU"},"content":{"rendered":"<p>Les combi-pack covers de TravelSafe constituent une combinaison de housse de pluie et de transport en un. Vous pouvez donc verrouiller compl\u00e8tement votre sac \u00e0 dos pendant votre voyage. Le combi cover est \u00e9tanche et tr\u00e8s l\u00e9g\u00e8re et peut \u00eatre pli\u00e9 en un paquet compact. Convient aux grands sacs \u00e0 dos \u00e0 partie de 55 litres.<\/p>\n<p>(Conseil : utilisez toujours un verrou TravelSafe TSA pour verrouiller en tout s\u00e9curit\u00e9 le conteneur)<\/p>\n<p>\u00c9galement disponible pour les sacs \u00e0 dos de moins de 55 litres.<\/p>\n<p>TravelSafe offre une large collection de housses de protection telles que housses de transport, housses combi, housses de pluie et ponchos. Des articles indispensables pour chaque aventure.<\/p>\n<p>Dimensions :\u00a0 41 x 41 x 75 cm<br \/>\nContenu :\u00a0 \u00a0 \u00a0 \u00a0\u00a0&gt; 55 litres<br \/>\nPoids :\u00a0 \u00a0 \u00a0 \u00a0 \u00a0 \u00a0 \u00a0\u00a0220 g<br \/>\nMati\u00e8re :\u00a0 \u00a0 \u00a0 \u00a0 \u00a0210D ripstop poly<br \/>\nCouleur :\u00a0 \u00a0 \u00a0 \u00a0\u00a0 \u00a0Azur<\/p>\n","protected":false},"excerpt":{"rendered":"<p>Les combi-pack covers de TravelSafe constituent une combinaison de housse de pluie et de transport en un. Vous pouvez donc verrouiller compl\u00e8tement&hellip;<\/p>\n","protected":false},"featured_media":37734,"template":"","meta":{"_acf_changed":false},"product_brand":[],"product_cat":[2374,2497,2493],"product_tag":[],"class_list":{"0":"post-37797","1":"product","2":"type-product","3":"status-publish","4":"has-post-thumbnail","6":"product_cat-accessoires-de-voyage","7":"product_cat-accessoires-de-sac-dos","8":"product_cat-sacs-de-voyage","10":"first","11":"instock","12":"shipping-taxable","13":"purchasable","14":"product-type-simple"},"acf":[],"_links":{"self":[{"href":"https:\/\/travelsafe.nl\/fr\/wp-json\/wp\/v2\/product\/37797","targetHints":{"allow":["GET"]}}],"collection":[{"href":"https:\/\/travelsafe.nl\/fr\/wp-json\/wp\/v2\/product"}],"about":[{"href":"https:\/\/travelsafe.nl\/fr\/wp-json\/wp\/v2\/types\/product"}],"wp:featuredmedia":[{"embeddable":true,"href":"https:\/\/travelsafe.nl\/fr\/wp-json\/wp\/v2\/media\/37734"}],"wp:attachment":[{"href":"https:\/\/travelsafe.nl\/fr\/wp-json\/wp\/v2\/media?parent=37797"}],"wp:term":[{"taxonomy":"product_brand","embeddable":true,"href":"https:\/\/travelsafe.nl\/fr\/wp-json\/wp\/v2\/product_brand?post=37797"},{"taxonomy":"product_cat","embeddable":true,"href":"https:\/\/travelsafe.nl\/fr\/wp-json\/wp\/v2\/product_cat?post=37797"},{"taxonomy":"product_tag","embeddable":true,"href":"https:\/\/travelsafe.nl\/fr\/wp-json\/wp\/v2\/product_tag?post=37797"}],"curies":[{"name":"wp","href":"https:\/\/api.w.org\/{rel}","templated":true}]}}