{"id":38273,"date":"2020-06-18T10:14:16","date_gmt":"2020-06-18T10:14:16","guid":{"rendered":"https:\/\/travelsafe.nl\/assortiment\/non%20class\u00e9\/cleansing-gel-29-ml\/"},"modified":"2023-07-07T06:59:45","modified_gmt":"2023-07-07T06:59:45","slug":"cleansing-gel-29-ml","status":"publish","type":"product","link":"https:\/\/travelsafe.nl\/fr\/assortiment\/accessoires-de-voyage\/sant-accessoires-de-voyage\/hygine-sant-accessoires-de-voyage\/cleansing-gel-29-ml\/","title":{"rendered":"Gel nettoyant \u2013 29 ml"},"content":{"rendered":"<p>Le gel nettoyant est tr\u00e8s hygi\u00e9nique et pratique \u00e0 utiliser \u00e0 des fins multiples.\u00a0L\u2019action antibact\u00e9rienne du gel permet un lavage parfait et ais\u00e9 des mains sans l\u2019usage d\u2019eau.<\/p>\n<p>Petite taille tr\u00e8s pratique pour facilement prendre avec dans votre sac.<\/p>\n<p>Emball\u00e9 dans un bol \u00e0 50 pi\u00e8ces.<\/p>\n<p>Poids :\u00a0 \u00a0 \u00a0 37 g<br \/>\nContenu : 29 ml<\/p>\n","protected":false},"excerpt":{"rendered":"<p>Le gel nettoyant est tr\u00e8s hygi\u00e9nique et pratique \u00e0 utiliser \u00e0 des fins multiples.\u00a0L\u2019action antibact\u00e9rienne du gel permet un lavage parfait et&hellip;<\/p>\n","protected":false},"featured_media":38258,"template":"","meta":{"_acf_changed":false},"product_brand":[],"product_cat":[2374,2485,2448],"product_tag":[],"class_list":{"0":"post-38273","1":"product","2":"type-product","3":"status-publish","4":"has-post-thumbnail","6":"product_cat-accessoires-de-voyage","7":"product_cat-hygine-sant-accessoires-de-voyage","8":"product_cat-sant-accessoires-de-voyage","10":"first","11":"instock","12":"shipping-taxable","13":"purchasable","14":"product-type-simple"},"acf":[],"_links":{"self":[{"href":"https:\/\/travelsafe.nl\/fr\/wp-json\/wp\/v2\/product\/38273","targetHints":{"allow":["GET"]}}],"collection":[{"href":"https:\/\/travelsafe.nl\/fr\/wp-json\/wp\/v2\/product"}],"about":[{"href":"https:\/\/travelsafe.nl\/fr\/wp-json\/wp\/v2\/types\/product"}],"wp:featuredmedia":[{"embeddable":true,"href":"https:\/\/travelsafe.nl\/fr\/wp-json\/wp\/v2\/media\/38258"}],"wp:attachment":[{"href":"https:\/\/travelsafe.nl\/fr\/wp-json\/wp\/v2\/media?parent=38273"}],"wp:term":[{"taxonomy":"product_brand","embeddable":true,"href":"https:\/\/travelsafe.nl\/fr\/wp-json\/wp\/v2\/product_brand?post=38273"},{"taxonomy":"product_cat","embeddable":true,"href":"https:\/\/travelsafe.nl\/fr\/wp-json\/wp\/v2\/product_cat?post=38273"},{"taxonomy":"product_tag","embeddable":true,"href":"https:\/\/travelsafe.nl\/fr\/wp-json\/wp\/v2\/product_tag?post=38273"}],"curies":[{"name":"wp","href":"https:\/\/api.w.org\/{rel}","templated":true}]}}