{"id":44956,"date":"2023-04-18T12:33:36","date_gmt":"2023-04-18T12:33:36","guid":{"rendered":"https:\/\/travelsafe.nl\/assortiment\/non%20class\u00e9\/travelsafe-kit-tropical-40\/"},"modified":"2023-09-07T09:00:42","modified_gmt":"2023-09-07T09:00:42","slug":"travelsafe-kit-tropical-40","status":"publish","type":"product","link":"https:\/\/travelsafe.nl\/fr\/assortiment\/anti-moustique\/insectifuges\/traveldeet-insectifuges\/travelsafe-kit-tropical-40\/","title":{"rendered":"TravelSafe Kit Tropical 40%"},"content":{"rendered":"<p>Un kit tropique est un kit essentiel pour tout voyageur se rendant dans des r\u00e9gions chaudes et humides. Le kit contient tout le n\u00e9cessaire pour faire face aux probl\u00e8mes de sant\u00e9 les plus courants sous les tropiques. Le kit contient 1 flacon de DEET \u00e0 40 %, 1 mini spray DEET pratique \u00e0 emporter dans votre sac, une lotion anti-piq\u00fbres pour les piq\u00fbres, 5 sachets de SRO et 5 sachets de lingettes alcoolis\u00e9es. Ces articles sont emball\u00e9s dans un \u00e9tui verrouillable pratique avec suffisamment d&rsquo;espace pour d&rsquo;autres m\u00e9dicaments.<\/p>\n<p>Le DEET est un insectifuge tr\u00e8s efficace et la bouteille de DEET \u00e0 40% est un incontournable pour tout voyageur se rendant dans une zone tropicale. Le mini spray DEET pratique est parfait \u00e0 transporter dans votre sac lorsque vous \u00eates en d\u00e9placement. Il offre une protection contre les moustiques et autres insectes qui peuvent transmettre des maladies telles que le paludisme, la fi\u00e8vre jaune et la dengue.<\/p>\n<p>La lotion Bite relief est une lotion apaisante qui soulage la douleur et les d\u00e9mangeaisons li\u00e9es aux piq\u00fbres d&rsquo;insectes. C&rsquo;est un excellent ajout au spray DEET car il aide \u00e0 vous calmer si vous \u00eates toujours piqu\u00e9.<\/p>\n<p>Les sacs ORS sont indispensables dans chaque kit tropical. Il est important de rester hydrat\u00e9 dans les zones chaudes et humides, et les SRO peuvent aider \u00e0 \u00e9quilibrer les \u00e9lectrolytes dans votre corps. Les lingettes imbib\u00e9es d&rsquo;alcool sont \u00e9galement importantes pour bien nettoyer vos mains et la zone piqu\u00e9e.<\/p>\n<p>La pochette verrouillable pratique garde tous les articles bien organis\u00e9s et laisse beaucoup de place pour d&rsquo;autres m\u00e9dicaments qui pourraient \u00eatre n\u00e9cessaires.<\/p>\n<p>Que vous planifiez un court ou long s\u00e9jour dans une zone tropicale, un kit tropical avec ces articles vous aidera \u00e0 vous prot\u00e9ger contre les maladies et les malaises pendant votre voyage.<\/p>\n","protected":false},"excerpt":{"rendered":"<p>Un kit tropique est un kit essentiel pour tout voyageur se rendant dans des r\u00e9gions chaudes et humides. Le kit contient tout&hellip;<\/p>\n","protected":false},"featured_media":44934,"template":"","meta":{"_acf_changed":false},"product_brand":[],"product_cat":[2372,2472,2344,2473],"product_tag":[],"class_list":{"0":"post-44956","1":"product","2":"type-product","3":"status-publish","4":"has-post-thumbnail","6":"product_cat-anti-moustique","7":"product_cat-insectifuges","8":"product_cat-na-de-beet","9":"product_cat-traveldeet-insectifuges","11":"first","12":"instock","13":"shipping-taxable","14":"product-type-simple"},"acf":[],"_links":{"self":[{"href":"https:\/\/travelsafe.nl\/fr\/wp-json\/wp\/v2\/product\/44956","targetHints":{"allow":["GET"]}}],"collection":[{"href":"https:\/\/travelsafe.nl\/fr\/wp-json\/wp\/v2\/product"}],"about":[{"href":"https:\/\/travelsafe.nl\/fr\/wp-json\/wp\/v2\/types\/product"}],"wp:featuredmedia":[{"embeddable":true,"href":"https:\/\/travelsafe.nl\/fr\/wp-json\/wp\/v2\/media\/44934"}],"wp:attachment":[{"href":"https:\/\/travelsafe.nl\/fr\/wp-json\/wp\/v2\/media?parent=44956"}],"wp:term":[{"taxonomy":"product_brand","embeddable":true,"href":"https:\/\/travelsafe.nl\/fr\/wp-json\/wp\/v2\/product_brand?post=44956"},{"taxonomy":"product_cat","embeddable":true,"href":"https:\/\/travelsafe.nl\/fr\/wp-json\/wp\/v2\/product_cat?post=44956"},{"taxonomy":"product_tag","embeddable":true,"href":"https:\/\/travelsafe.nl\/fr\/wp-json\/wp\/v2\/product_tag?post=44956"}],"curies":[{"name":"wp","href":"https:\/\/api.w.org\/{rel}","templated":true}]}}