{"id":46023,"date":"2026-02-19T11:04:10","date_gmt":"2026-02-19T11:04:10","guid":{"rendered":"https:\/\/travelsafe.nl\/?post_type=product&#038;p=46023"},"modified":"2026-02-19T11:04:10","modified_gmt":"2026-02-19T11:04:10","slug":"filtre-a-eau-travelsafe","status":"publish","type":"product","link":"https:\/\/travelsafe.nl\/fr\/assortiment\/filtre-de-purification-deau\/filtre-a-eau-travelsafe\/","title":{"rendered":"Filtre \u00e0 eau TravelSafe"},"content":{"rendered":"<p><strong>Filtre \u00e0 eau TravelSafe \u2013 Une eau potable saine et pure o\u00f9 que vous soyez<\/strong><\/p>\n<p>En Europe de l&rsquo;Ouest et en Am\u00e9rique du Nord, l&rsquo;eau du robinet est g\u00e9n\u00e9ralement d&rsquo;excellente qualit\u00e9. Cependant, si vous voyagez dans d&rsquo;autres r\u00e9gions du monde, il est conseill\u00e9 de prendre des pr\u00e9cautions suppl\u00e9mentaires pour purifier l&rsquo;eau potable ou utiliser de l&rsquo;eau en bouteille. M\u00eame en pleine nature, l&rsquo;acc\u00e8s \u00e0 une eau potable propre est souvent limit\u00e9. L&rsquo;eau de surface peut \u00eatre contamin\u00e9e par des micro-organismes, des bact\u00e9ries et des virus \u2013 et ce n&rsquo;est certainement pas le type d&rsquo;eau que vous souhaitez boire.<\/p>\n<p>Comment \u00e7a marche\u00a0?<\/p>\n<p>Le filtre \u00e0 eau TravelSafe utilise deux \u00e9l\u00e9ments filtrants\u00a0:<\/p>\n<p>Filtre en microfibres creuses\u00a0: Cet \u00e9l\u00e9ment filtrant purifie l&rsquo;eau gr\u00e2ce \u00e0 des tubes en microfibres qui retiennent les bact\u00e9ries et les protozoaires nocifs.<\/p>\n<p>Filtre \u00e0 charbon rempla\u00e7able\u00a0: Ce filtre r\u00e9duit la pr\u00e9sence de produits chimiques et am\u00e9liore le go\u00fbt de l&rsquo;eau.<\/p>\n<p>Gr\u00e2ce \u00e0 une technologie de pointe en microfibres, inspir\u00e9e de la dialyse m\u00e9dicale, l&rsquo;eau des lacs, des rivi\u00e8res et des ruisseaux est efficacement purifi\u00e9e. L&rsquo;eau traverse les parois des tubes en microfibres pour atteindre le noyau creux, tandis que les bact\u00e9ries et protozoaires nocifs sont retenus \u00e0 l&rsquo;ext\u00e9rieur des tubes.<\/p>\n<p>Avec le filtre \u00e0 eau TravelSafe, vous avez la garantie d&rsquo;une eau potable propre et saine, o\u00f9 que vos aventures vous m\u00e8nent !<\/p>\n<p>Caract\u00e9ristiques techniques :<br \/>\nCapacit\u00e9 jusqu&rsquo;\u00e0 5\u00a0000 litres, selon la qualit\u00e9 de l&rsquo;eau<br \/>\nD\u00e9bit de 450 ml par minute<br \/>\nFiltre en microfibres creuses d&rsquo;un diam\u00e8tre de pores de 0,1 micron<br \/>\n\u00c9limine 99,9 % des bact\u00e9ries (dont E. coli)<br \/>\n\u00c9limine 99,9 % des parasites et protozoaires (Giardia lamblia et Cryptosporidium)<br \/>\nFiltre les microplastiques<br \/>\nConvient aux temp\u00e9ratures de 0 \u00e0 32 \u00b0C<br \/>\nFacile \u00e0 nettoyer<br \/>\nFiltres de rechange disponibles s\u00e9par\u00e9ment<\/p>\n","protected":false},"excerpt":{"rendered":"<p>Filtre \u00e0 eau TravelSafe \u2013 Une eau potable saine et pure o\u00f9 que vous soyez En Europe de l&rsquo;Ouest et en Am\u00e9rique&hellip;<\/p>\n","protected":false},"featured_media":46012,"template":"","meta":{"_acf_changed":false},"product_brand":[],"product_cat":[4819],"product_tag":[],"class_list":{"0":"post-46023","1":"product","2":"type-product","3":"status-publish","4":"has-post-thumbnail","6":"product_cat-filtre-de-purification-deau","8":"first","9":"outofstock","10":"shipping-taxable","11":"purchasable","12":"product-type-simple"},"acf":[],"_links":{"self":[{"href":"https:\/\/travelsafe.nl\/fr\/wp-json\/wp\/v2\/product\/46023","targetHints":{"allow":["GET"]}}],"collection":[{"href":"https:\/\/travelsafe.nl\/fr\/wp-json\/wp\/v2\/product"}],"about":[{"href":"https:\/\/travelsafe.nl\/fr\/wp-json\/wp\/v2\/types\/product"}],"wp:featuredmedia":[{"embeddable":true,"href":"https:\/\/travelsafe.nl\/fr\/wp-json\/wp\/v2\/media\/46012"}],"wp:attachment":[{"href":"https:\/\/travelsafe.nl\/fr\/wp-json\/wp\/v2\/media?parent=46023"}],"wp:term":[{"taxonomy":"product_brand","embeddable":true,"href":"https:\/\/travelsafe.nl\/fr\/wp-json\/wp\/v2\/product_brand?post=46023"},{"taxonomy":"product_cat","embeddable":true,"href":"https:\/\/travelsafe.nl\/fr\/wp-json\/wp\/v2\/product_cat?post=46023"},{"taxonomy":"product_tag","embeddable":true,"href":"https:\/\/travelsafe.nl\/fr\/wp-json\/wp\/v2\/product_tag?post=46023"}],"curies":[{"name":"wp","href":"https:\/\/api.w.org\/{rel}","templated":true}]}}