{"id":46072,"date":"2026-02-19T11:31:51","date_gmt":"2026-02-19T11:31:51","guid":{"rendered":"https:\/\/travelsafe.nl\/?post_type=product&#038;p=46072"},"modified":"2026-02-19T11:37:01","modified_gmt":"2026-02-19T11:37:01","slug":"filtre-de-rechange-au-charbon-actif-gac","status":"publish","type":"product","link":"https:\/\/travelsafe.nl\/fr\/assortiment\/filtre-de-purification-deau\/filtre-de-rechange-au-charbon-actif-gac\/","title":{"rendered":"Filtre de rechange au charbon actif (GAC)"},"content":{"rendered":"<p>Ce filtre \u00e0 charbon est vendu par lot de deux et a une dur\u00e9e de vie d&rsquo;environ 30 jours. Il constitue la premi\u00e8re barri\u00e8re de filtration et purifie l&rsquo;eau des particules les plus grosses. Sa dur\u00e9e de vie d\u00e9pend donc fortement de la turbidit\u00e9 de l&rsquo;eau.<\/p>\n<p>Pour plus d&rsquo;informations, veuillez consulter le mode d&#8217;emploi du filtre de voyage concernant son utilisation, son entretien et son nettoyage.<\/p>\n<p>Mat\u00e9riaux\u00a0: Fibre de charbon actif GAC + coton PP<br \/>\nDimensions\u00a0: \u00d8 3 x 3 cm<br \/>\nPoids\u00a0: 36 g<br \/>\nCapacit\u00e9\u00a0: Jusqu\u2019\u00e0 30 jours d\u2019utilisation, selon la qualit\u00e9 de l\u2019eau.<\/p>\n","protected":false},"excerpt":{"rendered":"<p>Ce filtre \u00e0 charbon est vendu par lot de deux et a une dur\u00e9e de vie d&rsquo;environ 30 jours. Il constitue la&hellip;<\/p>\n","protected":false},"featured_media":46048,"template":"","meta":{"_acf_changed":false},"product_brand":[],"product_cat":[4819],"product_tag":[],"class_list":{"0":"post-46072","1":"product","2":"type-product","3":"status-publish","4":"has-post-thumbnail","6":"product_cat-filtre-de-purification-deau","8":"first","9":"instock","10":"shipping-taxable","11":"product-type-simple"},"acf":[],"_links":{"self":[{"href":"https:\/\/travelsafe.nl\/fr\/wp-json\/wp\/v2\/product\/46072","targetHints":{"allow":["GET"]}}],"collection":[{"href":"https:\/\/travelsafe.nl\/fr\/wp-json\/wp\/v2\/product"}],"about":[{"href":"https:\/\/travelsafe.nl\/fr\/wp-json\/wp\/v2\/types\/product"}],"wp:featuredmedia":[{"embeddable":true,"href":"https:\/\/travelsafe.nl\/fr\/wp-json\/wp\/v2\/media\/46048"}],"wp:attachment":[{"href":"https:\/\/travelsafe.nl\/fr\/wp-json\/wp\/v2\/media?parent=46072"}],"wp:term":[{"taxonomy":"product_brand","embeddable":true,"href":"https:\/\/travelsafe.nl\/fr\/wp-json\/wp\/v2\/product_brand?post=46072"},{"taxonomy":"product_cat","embeddable":true,"href":"https:\/\/travelsafe.nl\/fr\/wp-json\/wp\/v2\/product_cat?post=46072"},{"taxonomy":"product_tag","embeddable":true,"href":"https:\/\/travelsafe.nl\/fr\/wp-json\/wp\/v2\/product_tag?post=46072"}],"curies":[{"name":"wp","href":"https:\/\/api.w.org\/{rel}","templated":true}]}}